{"id":8,"date":"2025-01-28T13:05:18","date_gmt":"2025-01-28T13:05:18","guid":{"rendered":"https:\/\/seersupport.com\/about\/"},"modified":"2025-04-20T17:48:49","modified_gmt":"2025-04-20T16:48:49","slug":"about","status":"publish","type":"page","link":"https:\/\/seersupport.com\/fr\/about\/","title":{"rendered":"About"},"content":{"rendered":"<div data-elementor-type=\"wp-page\" data-elementor-id=\"8\" class=\"elementor elementor-8\">\n\t\t\t\t<div class=\"elementor-element elementor-element-7f922c6 e-flex e-con-boxed e-con e-parent\" data-id=\"7f922c6\" data-element_type=\"container\" data-e-type=\"container\" data-settings=\"{&quot;background_background&quot;:&quot;classic&quot;}\">\n\t\t\t\t\t<div class=\"e-con-inner\">\n\t\t\t\t<div class=\"elementor-element elementor-element-ad5efec elementor-widget__width-initial elementor-widget elementor-widget-heading\" data-id=\"ad5efec\" data-element_type=\"widget\" data-e-type=\"widget\" data-widget_type=\"heading.default\">\n\t\t\t\t<div class=\"elementor-widget-container\">\n\t\t\t\t\t<h2 class=\"elementor-heading-title elementor-size-default\">Qui sommes nous?<\/h2>\t\t\t\t<\/div>\n\t\t\t\t<\/div>\n\t\t\t\t\t<\/div>\n\t\t\t\t<\/div>\n\t\t<div class=\"elementor-element elementor-element-1f19cca e-flex e-con-boxed e-con e-parent\" data-id=\"1f19cca\" data-element_type=\"container\" data-e-type=\"container\">\n\t\t\t\t\t<div class=\"e-con-inner\">\n\t\t<div class=\"elementor-element elementor-element-a6c4c0a e-con-full e-flex e-con e-child\" data-id=\"a6c4c0a\" data-element_type=\"container\" data-e-type=\"container\">\n\t\t\t\t<div class=\"elementor-element elementor-element-c8f258e elementor-widget__width-initial elementor-widget elementor-widget-heading\" data-id=\"c8f258e\" data-element_type=\"widget\" data-e-type=\"widget\" data-widget_type=\"heading.default\">\n\t\t\t\t<div class=\"elementor-widget-container\">\n\t\t\t\t\t<p class=\"elementor-heading-title elementor-size-default\">Une \u00e9quipe de support client<\/p>\t\t\t\t<\/div>\n\t\t\t\t<\/div>\n\t\t\t\t<div class=\"elementor-element elementor-element-fa283f9 elementor-widget elementor-widget-heading\" data-id=\"fa283f9\" data-element_type=\"widget\" data-e-type=\"widget\" data-widget_type=\"heading.default\">\n\t\t\t\t<div class=\"elementor-widget-container\">\n\t\t\t\t\t<h3 class=\"elementor-heading-title elementor-size-default\">\u00c0 PROPOS DE SEER SUPPORT<\/h3>\t\t\t\t<\/div>\n\t\t\t\t<\/div>\n\t\t\t\t<\/div>\n\t\t<div class=\"elementor-element elementor-element-3d7b73f e-con-full e-flex e-con e-child\" data-id=\"3d7b73f\" data-element_type=\"container\" data-e-type=\"container\">\n\t\t\t\t<div class=\"elementor-element elementor-element-a19e392 elementor-widget elementor-widget-image-box\" data-id=\"a19e392\" data-element_type=\"widget\" data-e-type=\"widget\" data-widget_type=\"image-box.default\">\n\t\t\t\t<div class=\"elementor-widget-container\">\n\t\t\t\t\t<div class=\"elementor-image-box-wrapper\"><div class=\"elementor-image-box-content\"><h5 class=\"elementor-image-box-title\">Pour nous, nous savons qu'un service client exceptionnel est la cl\u00e9 de la croissance de l'entreprise. <\/h5><p class=\"elementor-image-box-description\">Nous sommes \u00e0 vos c\u00f4t\u00e9s - comme des partenaires. Comme vous, nous sommes entrepreneurs, flexibles et adaptables pour assurer la prosp\u00e9rit\u00e9 de votre entreprise.<br>Nous proposons des solutions de support client aux entreprises qui comprennent que leurs clients sont importants pour elles mais ne peuvent pas tout g\u00e9rer.<br>Besoin d'aide pour g\u00e9rer vos demandes quotidiennes, am\u00e9liorer vos d\u00e9lais de r\u00e9ponse ou d\u00e9l\u00e9guer certaines t\u00e2ches? Nous devenons une extension de votre \u00e9quipe, sans les frais g\u00e9n\u00e9raux li\u00e9s aux employ\u00e9s.<\/p><\/div><\/div>\t\t\t\t<\/div>\n\t\t\t\t<\/div>\n\t\t\t\t<\/div>\n\t\t\t\t\t<\/div>\n\t\t\t\t<\/div>\n\t\t<div class=\"elementor-element elementor-element-69b05ff e-con-full e-flex e-con e-parent\" data-id=\"69b05ff\" data-element_type=\"container\" data-e-type=\"container\" data-settings=\"{&quot;background_background&quot;:&quot;classic&quot;}\">\n\t\t<div class=\"elementor-element elementor-element-799949e e-con-full e-flex e-con e-child\" data-id=\"799949e\" data-element_type=\"container\" data-e-type=\"container\">\n\t\t\t\t<div class=\"elementor-element elementor-element-615d8ae elementor-widget__width-initial elementor-widget elementor-widget-heading\" data-id=\"615d8ae\" data-element_type=\"widget\" data-e-type=\"widget\" data-widget_type=\"heading.default\">\n\t\t\t\t<div class=\"elementor-widget-container\">\n\t\t\t\t\t<p class=\"elementor-heading-title elementor-size-default\">some may call it a mission, but we have a 'calling':<\/p>\t\t\t\t<\/div>\n\t\t\t\t<\/div>\n\t\t\t\t<div class=\"elementor-element elementor-element-302ea05 elementor-widget elementor-widget-heading\" data-id=\"302ea05\" data-element_type=\"widget\" data-e-type=\"widget\" data-widget_type=\"heading.default\">\n\t\t\t\t<div class=\"elementor-widget-container\">\n\t\t\t\t\t<h2 class=\"elementor-heading-title elementor-size-default\">Aider les entreprises \u00e0 cr\u00e9er des exp\u00e9riences fluides et organis\u00e9es pour leurs clients.<\/h2>\t\t\t\t<\/div>\n\t\t\t\t<\/div>\n\t\t\t\t<\/div>\n\t\t\t\t<\/div>\n\t\t<div class=\"elementor-element elementor-element-d354874 e-flex e-con-boxed e-con e-parent\" data-id=\"d354874\" data-element_type=\"container\" data-e-type=\"container\">\n\t\t\t\t\t<div class=\"e-con-inner\">\n\t\t\t\t<div class=\"elementor-element elementor-element-e68c0bf elementor-align-center elementor-widget elementor-widget-button\" data-id=\"e68c0bf\" data-element_type=\"widget\" data-e-type=\"widget\" data-widget_type=\"button.default\">\n\t\t\t\t<div class=\"elementor-widget-container\">\n\t\t\t\t\t\t\t\t\t<div class=\"elementor-button-wrapper\">\n\t\t\t\t\t<a class=\"elementor-button elementor-button-link elementor-size-sm\" href=\"https:\/\/seersupport.com\/fr\/services\/\">\n\t\t\t\t\t\t<span class=\"elementor-button-content-wrapper\">\n\t\t\t\t\t\t\t\t\t<span class=\"elementor-button-text\">NOS SERVICES<\/span>\n\t\t\t\t\t<\/span>\n\t\t\t\t\t<\/a>\n\t\t\t\t<\/div>\n\t\t\t\t\t\t\t\t<\/div>\n\t\t\t\t<\/div>\n\t\t\t\t\t<\/div>\n\t\t\t\t<\/div>\n\t\t<div class=\"elementor-element elementor-element-d69a00a e-flex e-con-boxed e-con e-parent\" data-id=\"d69a00a\" data-element_type=\"container\" data-e-type=\"container\">\n\t\t\t\t\t<div class=\"e-con-inner\">\n\t\t\t\t<div class=\"elementor-element elementor-element-976c59f elementor-widget elementor-widget-spacer\" data-id=\"976c59f\" data-element_type=\"widget\" data-e-type=\"widget\" data-widget_type=\"spacer.default\">\n\t\t\t\t<div class=\"elementor-widget-container\">\n\t\t\t\t\t\t\t<div class=\"elementor-spacer\">\n\t\t\t<div class=\"elementor-spacer-inner\"><\/div>\n\t\t<\/div>\n\t\t\t\t\t\t<\/div>\n\t\t\t\t<\/div>\n\t\t\t\t\t<\/div>\n\t\t\t\t<\/div>\n\t\t<div class=\"elementor-element elementor-element-3991135 e-flex e-con-boxed e-con e-parent\" data-id=\"3991135\" data-element_type=\"container\" data-e-type=\"container\" data-settings=\"{&quot;background_background&quot;:&quot;classic&quot;}\">\n\t\t\t\t\t<div class=\"e-con-inner\">\n\t\t\t\t<div class=\"elementor-element elementor-element-5098b98 elementor-widget elementor-widget-heading\" data-id=\"5098b98\" data-element_type=\"widget\" data-e-type=\"widget\" data-widget_type=\"heading.default\">\n\t\t\t\t<div class=\"elementor-widget-container\">\n\t\t\t\t\t<h2 class=\"elementor-heading-title elementor-size-default\">Bonjour,<\/h2>\t\t\t\t<\/div>\n\t\t\t\t<\/div>\n\t\t\t\t<div class=\"elementor-element elementor-element-4cb172d elementor-widget elementor-widget-spacer\" data-id=\"4cb172d\" data-element_type=\"widget\" data-e-type=\"widget\" data-widget_type=\"spacer.default\">\n\t\t\t\t<div class=\"elementor-widget-container\">\n\t\t\t\t\t\t\t<div class=\"elementor-spacer\">\n\t\t\t<div class=\"elementor-spacer-inner\"><\/div>\n\t\t<\/div>\n\t\t\t\t\t\t<\/div>\n\t\t\t\t<\/div>\n\t\t\t\t\t<\/div>\n\t\t\t\t<\/div>\n\t\t<div class=\"elementor-element elementor-element-05e1bcf e-flex e-con-boxed e-con e-parent\" data-id=\"05e1bcf\" data-element_type=\"container\" data-e-type=\"container\" data-settings=\"{&quot;background_background&quot;:&quot;classic&quot;}\">\n\t\t\t\t\t<div class=\"e-con-inner\">\n\t\t\t\t<div class=\"elementor-element elementor-element-9a5d3c1 elementor-position-left elementor-vertical-align-top elementor-widget elementor-widget-image-box\" data-id=\"9a5d3c1\" data-element_type=\"widget\" data-e-type=\"widget\" data-widget_type=\"image-box.default\">\n\t\t\t\t<div class=\"elementor-widget-container\">\n\t\t\t\t\t<div class=\"elementor-image-box-wrapper\"><figure class=\"elementor-image-box-img\"><img fetchpriority=\"high\" decoding=\"async\" width=\"2404\" height=\"2368\" src=\"https:\/\/seersupport.com\/wp-content\/uploads\/2025\/02\/LinkedIn-DP.jpg\" class=\"attachment-full size-full wp-image-1316\" alt=\"LinkedIn profile picture\" srcset=\"https:\/\/seersupport.com\/wp-content\/uploads\/2025\/02\/LinkedIn-DP.jpg 2404w, https:\/\/seersupport.com\/wp-content\/uploads\/2025\/02\/LinkedIn-DP-300x296.jpg 300w, https:\/\/seersupport.com\/wp-content\/uploads\/2025\/02\/LinkedIn-DP-1024x1009.jpg 1024w, https:\/\/seersupport.com\/wp-content\/uploads\/2025\/02\/LinkedIn-DP-768x756.jpg 768w, https:\/\/seersupport.com\/wp-content\/uploads\/2025\/02\/LinkedIn-DP-1536x1513.jpg 1536w, https:\/\/seersupport.com\/wp-content\/uploads\/2025\/02\/LinkedIn-DP-2048x2017.jpg 2048w\" sizes=\"(max-width: 2404px) 100vw, 2404px\" \/><\/figure><div class=\"elementor-image-box-content\"><h4 class=\"elementor-image-box-title\">Je suis Ijeoma = Seer Support<\/h4><p class=\"elementor-image-box-description\">Ijeoma est un Customer Support et Technical Support, avec plus de 3 ans d'exp\u00e9rience dans service client, optimisant l'exp\u00e9rience des clients et cr\u00e9ant des solutions pour les chef d'entreprises qui ne peuvent pas tout faire.<br><br>Appelez-moi un assistant virtuel, mais plus encore : je vous aide \u00e0 g\u00e9rer les interactions de vos clients et leurs demandes pendant que vous concentrez sur la croissance de votre entreprise.\nAvec mon \u00e9quipe, nos services s'adressent aux entrepreneurs, aux start-ups, et aux h\u00f4tels et qui ont besoin d'aide pour g\u00e9rer leur client\u00e8le.<br><br>Si vous \u00eates arriv\u00e9 ici, cela signifie que vous me consultez simplement.<br><br>Suivez moi sur <b>LinkedIn<\/b>lire mon <b>blog,<\/b> ou lire plus sur Medium. <b>Medium.<\/b><br><i>Languages spoken: English (Native\/C2)    French (Bilingual Proficiency\/B2-C1)<\/i><\/p><\/div><\/div>\t\t\t\t<\/div>\n\t\t\t\t<\/div>\n\t\t\t\t<div class=\"elementor-element elementor-element-c5271d2 elementor-shape-circle e-grid-align-right elementor-widget__width-initial elementor-grid-0 elementor-widget elementor-widget-social-icons\" data-id=\"c5271d2\" data-element_type=\"widget\" data-e-type=\"widget\" data-widget_type=\"social-icons.default\">\n\t\t\t\t<div class=\"elementor-widget-container\">\n\t\t\t\t\t\t\t<div class=\"elementor-social-icons-wrapper elementor-grid\" role=\"list\">\n\t\t\t\t\t\t\t<span class=\"elementor-grid-item\" role=\"listitem\">\n\t\t\t\t\t<a class=\"elementor-icon elementor-social-icon elementor-social-icon-linkedin-in elementor-animation-grow elementor-repeater-item-8284d1e\" href=\"https:\/\/www.linkedin.com\/in\/ijeoma-nwaobiala\/\" target=\"_blank\" rel=\"noopener\">\n\t\t\t\t\t\t<span class=\"elementor-screen-only\">Linkedin-in<\/span>\n\t\t\t\t\t\t<svg aria-hidden=\"true\" class=\"e-font-icon-svg e-fab-linkedin-in\" viewbox=\"0 0 448 512\" xmlns=\"http:\/\/www.w3.org\/2000\/svg\"><path d=\"M100.28 448H7.4V148.9h92.88zM53.79 108.1C24.09 108.1 0 83.5 0 53.8a53.79 53.79 0 0 1 107.58 0c0 29.7-24.1 54.3-53.79 54.3zM447.9 448h-92.68V302.4c0-34.7-.7-79.2-48.29-79.2-48.29 0-55.69 37.7-55.69 76.7V448h-92.78V148.9h89.08v40.8h1.3c12.4-23.5 42.69-48.3 87.88-48.3 94 0 111.28 61.9 111.28 142.3V448z\"><\/path><\/svg>\t\t\t\t\t<\/a>\n\t\t\t\t<\/span>\n\t\t\t\t\t\t\t<span class=\"elementor-grid-item\" role=\"listitem\">\n\t\t\t\t\t<a class=\"elementor-icon elementor-social-icon elementor-social-icon-blogger-b elementor-animation-grow elementor-repeater-item-50307d1\" href=\"https:\/\/www.beyondhernotes.com\/\" target=\"_blank\" rel=\"noopener\">\n\t\t\t\t\t\t<span class=\"elementor-screen-only\">Blogger-b<\/span>\n\t\t\t\t\t\t<svg aria-hidden=\"true\" class=\"e-font-icon-svg e-fab-blogger-b\" viewbox=\"0 0 448 512\" xmlns=\"http:\/\/www.w3.org\/2000\/svg\"><path d=\"M446.6 222.7c-1.8-8-6.8-15.4-12.5-18.5-1.8-1-13-2.2-25-2.7-20.1-.9-22.3-1.3-28.7-5-10.1-5.9-12.8-12.3-12.9-29.5-.1-33-13.8-63.7-40.9-91.3-19.3-19.7-40.9-33-65.5-40.5-5.9-1.8-19.1-2.4-63.3-2.9-69.4-.8-84.8.6-108.4 10C45.9 59.5 14.7 96.1 3.3 142.9 1.2 151.7.7 165.8.2 246.8c-.6 101.5.1 116.4 6.4 136.5 15.6 49.6 59.9 86.3 104.4 94.3 14.8 2.7 197.3 3.3 216 .8 32.5-4.4 58-17.5 81.9-41.9 17.3-17.7 28.1-36.8 35.2-62.1 4.9-17.6 4.5-142.8 2.5-151.7zm-322.1-63.6c7.8-7.9 10-8.2 58.8-8.2 43.9 0 45.4.1 51.8 3.4 9.3 4.7 13.4 11.3 13.4 21.9 0 9.5-3.8 16.2-12.3 21.6-4.6 2.9-7.3 3.1-50.3 3.3-26.5.2-47.7-.4-50.8-1.2-16.6-4.7-22.8-28.5-10.6-40.8zm191.8 199.8l-14.9 2.4-77.5.9c-68.1.8-87.3-.4-90.9-2-7.1-3.1-13.8-11.7-14.9-19.4-1.1-7.3 2.6-17.3 8.2-22.4 7.1-6.4 10.2-6.6 97.3-6.7 89.6-.1 89.1-.1 97.6 7.8 12.1 11.3 9.5 31.2-4.9 39.4z\"><\/path><\/svg>\t\t\t\t\t<\/a>\n\t\t\t\t<\/span>\n\t\t\t\t\t\t\t<span class=\"elementor-grid-item\" role=\"listitem\">\n\t\t\t\t\t<a class=\"elementor-icon elementor-social-icon elementor-social-icon-medium-m elementor-animation-grow elementor-repeater-item-863e458\" href=\"https:\/\/ijeoman.medium.com\/\" target=\"_blank\" rel=\"noopener\">\n\t\t\t\t\t\t<span class=\"elementor-screen-only\">Medium-m<\/span>\n\t\t\t\t\t\t<svg aria-hidden=\"true\" class=\"e-font-icon-svg e-fab-medium-m\" viewbox=\"0 0 512 512\" xmlns=\"http:\/\/www.w3.org\/2000\/svg\"><path d=\"M71.5 142.3c.6-5.9-1.7-11.8-6.1-15.8L20.3 72.1V64h140.2l108.4 237.7L364.2 64h133.7v8.1l-38.6 37c-3.3 2.5-5 6.7-4.3 10.8v272c-.7 4.1 1 8.3 4.3 10.8l37.7 37v8.1H307.3v-8.1l39.1-37.9c3.8-3.8 3.8-5 3.8-10.8V171.2L241.5 447.1h-14.7L100.4 171.2v184.9c-1.1 7.8 1.5 15.6 7 21.2l50.8 61.6v8.1h-144v-8L65 377.3c5.4-5.6 7.9-13.5 6.5-21.2V142.3z\"><\/path><\/svg>\t\t\t\t\t<\/a>\n\t\t\t\t<\/span>\n\t\t\t\t\t<\/div>\n\t\t\t\t\t\t<\/div>\n\t\t\t\t<\/div>\n\t\t\t\t<div class=\"elementor-element elementor-element-b558980 elementor-widget elementor-widget-spacer\" data-id=\"b558980\" data-element_type=\"widget\" data-e-type=\"widget\" data-widget_type=\"spacer.default\">\n\t\t\t\t<div class=\"elementor-widget-container\">\n\t\t\t\t\t\t\t<div class=\"elementor-spacer\">\n\t\t\t<div class=\"elementor-spacer-inner\"><\/div>\n\t\t<\/div>\n\t\t\t\t\t\t<\/div>\n\t\t\t\t<\/div>\n\t\t\t\t\t<\/div>\n\t\t\t\t<\/div>\n\t\t<div class=\"elementor-element elementor-element-fb97178 e-flex e-con-boxed e-con e-parent\" data-id=\"fb97178\" data-element_type=\"container\" data-e-type=\"container\">\n\t\t\t\t\t<div class=\"e-con-inner\">\n\t\t\t\t<div class=\"elementor-element elementor-element-736f155 elementor-widget elementor-widget-heading\" data-id=\"736f155\" data-element_type=\"widget\" data-e-type=\"widget\" data-widget_type=\"heading.default\">\n\t\t\t\t<div class=\"elementor-widget-container\">\n\t\t\t\t\t<h2 class=\"elementor-heading-title elementor-size-default\">Mention L\u00e9gales<\/h2>\t\t\t\t<\/div>\n\t\t\t\t<\/div>\n\t\t\t\t\t<\/div>\n\t\t\t\t<\/div>\n\t\t<div class=\"elementor-element elementor-element-47cb21b e-con-full e-flex e-con e-parent\" data-id=\"47cb21b\" data-element_type=\"container\" data-e-type=\"container\">\n\t\t\t\t<div class=\"elementor-element elementor-element-8851899 elementor-widget elementor-widget-spacer\" data-id=\"8851899\" data-element_type=\"widget\" data-e-type=\"widget\" data-widget_type=\"spacer.default\">\n\t\t\t\t<div class=\"elementor-widget-container\">\n\t\t\t\t\t\t\t<div class=\"elementor-spacer\">\n\t\t\t<div class=\"elementor-spacer-inner\"><\/div>\n\t\t<\/div>\n\t\t\t\t\t\t<\/div>\n\t\t\t\t<\/div>\n\t\t\t\t<div class=\"elementor-element elementor-element-bcf58a8 elementor-widget elementor-widget-text-editor\" data-id=\"bcf58a8\" data-element_type=\"widget\" data-e-type=\"widget\" data-widget_type=\"text-editor.default\">\n\t\t\t\t<div class=\"elementor-widget-container\">\n\t\t\t\t\t\t\t\t\t<p><strong>Seer Support<\/strong> is a registered freelance business under the French law and a sister service business to <strong>NWAMAKA N.<\/strong> with <span style=\"text-decoration: underline;\">SIRET: 904 339 611 00017.<\/span><\/p><p>The activities of this business and its website is managed by Ijeoma N.<\/p><p>All information or requests should be directed to <strong>hello@seersupport.com<\/strong><\/p>\t\t\t\t\t\t\t\t<\/div>\n\t\t\t\t<\/div>\n\t\t\t\t<div class=\"elementor-element elementor-element-9d4ccc6 elementor-widget elementor-widget-spacer\" data-id=\"9d4ccc6\" data-element_type=\"widget\" data-e-type=\"widget\" data-widget_type=\"spacer.default\">\n\t\t\t\t<div class=\"elementor-widget-container\">\n\t\t\t\t\t\t\t<div class=\"elementor-spacer\">\n\t\t\t<div class=\"elementor-spacer-inner\"><\/div>\n\t\t<\/div>\n\t\t\t\t\t\t<\/div>\n\t\t\t\t<\/div>\n\t\t\t\t<\/div>\n\t\t<div class=\"elementor-element elementor-element-5d207be e-flex e-con-boxed e-con e-parent\" data-id=\"5d207be\" data-element_type=\"container\" data-e-type=\"container\" data-settings=\"{&quot;background_background&quot;:&quot;gradient&quot;}\">\n\t\t\t\t\t<div class=\"e-con-inner\">\n\t\t\t\t<div class=\"elementor-element elementor-element-d81d347 elementor-align-center elementor-widget elementor-widget-button\" data-id=\"d81d347\" data-element_type=\"widget\" data-e-type=\"widget\" data-widget_type=\"button.default\">\n\t\t\t\t<div class=\"elementor-widget-container\">\n\t\t\t\t\t\t\t\t\t<div class=\"elementor-button-wrapper\">\n\t\t\t\t\t<a class=\"elementor-button elementor-button-link elementor-size-sm\" href=\"https:\/\/seersupport.com\/fr\/contact\/\">\n\t\t\t\t\t\t<span class=\"elementor-button-content-wrapper\">\n\t\t\t\t\t\t\t\t\t<span class=\"elementor-button-text\">CONTACTEZ-NOUS<\/span>\n\t\t\t\t\t<\/span>\n\t\t\t\t\t<\/a>\n\t\t\t\t<\/div>\n\t\t\t\t\t\t\t\t<\/div>\n\t\t\t\t<\/div>\n\t\t\t\t\t<\/div>\n\t\t\t\t<\/div>\n\t\t<div class=\"elementor-element elementor-element-1be4a43 e-flex e-con-boxed e-con e-parent\" data-id=\"1be4a43\" data-element_type=\"container\" data-e-type=\"container\" data-settings=\"{&quot;background_background&quot;:&quot;gradient&quot;}\">\n\t\t\t\t\t<div class=\"e-con-inner\">\n\t\t\t\t<div class=\"elementor-element elementor-element-1ef6e1f elementor-widget elementor-widget-spacer\" data-id=\"1ef6e1f\" data-element_type=\"widget\" data-e-type=\"widget\" data-widget_type=\"spacer.default\">\n\t\t\t\t<div class=\"elementor-widget-container\">\n\t\t\t\t\t\t\t<div class=\"elementor-spacer\">\n\t\t\t<div class=\"elementor-spacer-inner\"><\/div>\n\t\t<\/div>\n\t\t\t\t\t\t<\/div>\n\t\t\t\t<\/div>\n\t\t\t\t<div class=\"elementor-element elementor-element-0e3cd49 elementor-widget elementor-widget-text-editor\" data-id=\"0e3cd49\" data-element_type=\"widget\" data-e-type=\"widget\" data-widget_type=\"text-editor.default\">\n\t\t\t\t<div class=\"elementor-widget-container\">\n\t\t\t\t\t\t\t\t\t<p>Connectez avec nous:<\/p>\t\t\t\t\t\t\t\t<\/div>\n\t\t\t\t<\/div>\n\t\t\t\t<div class=\"elementor-element elementor-element-ce89d5b elementor-shape-circle elementor-grid-0 e-grid-align-center elementor-widget elementor-widget-social-icons\" data-id=\"ce89d5b\" data-element_type=\"widget\" data-e-type=\"widget\" data-widget_type=\"social-icons.default\">\n\t\t\t\t<div class=\"elementor-widget-container\">\n\t\t\t\t\t\t\t<div class=\"elementor-social-icons-wrapper elementor-grid\" role=\"list\">\n\t\t\t\t\t\t\t<span class=\"elementor-grid-item\" role=\"listitem\">\n\t\t\t\t\t<a class=\"elementor-icon elementor-social-icon elementor-social-icon-linkedin elementor-repeater-item-befcfea\" href=\"https:\/\/www.linkedin.com\/company\/seersupport\" target=\"_blank\" rel=\"noopener\">\n\t\t\t\t\t\t<span class=\"elementor-screen-only\">Linkedin<\/span>\n\t\t\t\t\t\t<svg aria-hidden=\"true\" class=\"e-font-icon-svg e-fab-linkedin\" viewbox=\"0 0 448 512\" xmlns=\"http:\/\/www.w3.org\/2000\/svg\"><path d=\"M416 32H31.9C14.3 32 0 46.5 0 64.3v383.4C0 465.5 14.3 480 31.9 480H416c17.6 0 32-14.5 32-32.3V64.3c0-17.8-14.4-32.3-32-32.3zM135.4 416H69V202.2h66.5V416zm-33.2-243c-21.3 0-38.5-17.3-38.5-38.5S80.9 96 102.2 96c21.2 0 38.5 17.3 38.5 38.5 0 21.3-17.2 38.5-38.5 38.5zm282.1 243h-66.4V312c0-24.8-.5-56.7-34.5-56.7-34.6 0-39.9 27-39.9 54.9V416h-66.4V202.2h63.7v29.2h.9c8.9-16.8 30.6-34.5 62.9-34.5 67.2 0 79.7 44.3 79.7 101.9V416z\"><\/path><\/svg>\t\t\t\t\t<\/a>\n\t\t\t\t<\/span>\n\t\t\t\t\t\t\t<span class=\"elementor-grid-item\" role=\"listitem\">\n\t\t\t\t\t<a class=\"elementor-icon elementor-social-icon elementor-social-icon-blog elementor-repeater-item-1cd2681\" href=\"https:\/\/www.beyondhernotes.com\/\" target=\"_blank\" rel=\"noopener\">\n\t\t\t\t\t\t<span class=\"elementor-screen-only\">Blog<\/span>\n\t\t\t\t\t\t<svg aria-hidden=\"true\" class=\"e-font-icon-svg e-fas-blog\" viewbox=\"0 0 512 512\" xmlns=\"http:\/\/www.w3.org\/2000\/svg\"><path d=\"M172.2 226.8c-14.6-2.9-28.2 8.9-28.2 23.8V301c0 10.2 7.1 18.4 16.7 22 18.2 6.8 31.3 24.4 31.3 45 0 26.5-21.5 48-48 48s-48-21.5-48-48V120c0-13.3-10.7-24-24-24H24c-13.3 0-24 10.7-24 24v248c0 89.5 82.1 160.2 175 140.7 54.4-11.4 98.3-55.4 109.7-109.7 17.4-82.9-37-157.2-112.5-172.2zM209 0c-9.2-.5-17 6.8-17 16v31.6c0 8.5 6.6 15.5 15 15.9 129.4 7 233.4 112 240.9 241.5.5 8.4 7.5 15 15.9 15h32.1c9.2 0 16.5-7.8 16-17C503.4 139.8 372.2 8.6 209 0zm.3 96c-9.3-.7-17.3 6.7-17.3 16.1v32.1c0 8.4 6.5 15.3 14.8 15.9 76.8 6.3 138 68.2 144.9 145.2.8 8.3 7.6 14.7 15.9 14.7h32.2c9.3 0 16.8-8 16.1-17.3-8.4-110.1-96.5-198.2-206.6-206.7z\"><\/path><\/svg>\t\t\t\t\t<\/a>\n\t\t\t\t<\/span>\n\t\t\t\t\t\t\t<span class=\"elementor-grid-item\" role=\"listitem\">\n\t\t\t\t\t<a class=\"elementor-icon elementor-social-icon elementor-social-icon-folder-open elementor-repeater-item-4da49e2\" href=\"https:\/\/fluorescent-helium-dd4.notion.site\/My-Library-My-Portfolio-101cbeb22c0880d18113f8885b68d134\" target=\"_blank\" rel=\"noopener\">\n\t\t\t\t\t\t<span class=\"elementor-screen-only\">Folder-open<\/span>\n\t\t\t\t\t\t<svg aria-hidden=\"true\" class=\"e-font-icon-svg e-fas-folder-open\" viewbox=\"0 0 576 512\" xmlns=\"http:\/\/www.w3.org\/2000\/svg\"><path d=\"M572.694 292.093L500.27 416.248A63.997 63.997 0 0 1 444.989 448H45.025c-18.523 0-30.064-20.093-20.731-36.093l72.424-124.155A64 64 0 0 1 152 256h399.964c18.523 0 30.064 20.093 20.73 36.093zM152 224h328v-48c0-26.51-21.49-48-48-48H272l-64-64H48C21.49 64 0 85.49 0 112v278.046l69.077-118.418C86.214 242.25 117.989 224 152 224z\"><\/path><\/svg>\t\t\t\t\t<\/a>\n\t\t\t\t<\/span>\n\t\t\t\t\t<\/div>\n\t\t\t\t\t\t<\/div>\n\t\t\t\t<\/div>\n\t\t\t\t<div class=\"elementor-element elementor-element-114fa7a elementor-widget elementor-widget-text-editor\" data-id=\"114fa7a\" data-element_type=\"widget\" data-e-type=\"widget\" data-widget_type=\"text-editor.default\">\n\t\t\t\t<div class=\"elementor-widget-container\">\n\t\t\t\t\t\t\t\t\t<p>Based in France &amp; serving clients worldwide<\/p>\n<p><u>hello@seersupport.com<\/u><\/p>\n<p><\/p>\t\t\t\t\t\t\t\t<\/div>\n\t\t\t\t<\/div>\n\t\t\t\t\t<\/div>\n\t\t\t\t<\/div>\n\t\t\t\t<\/div>","protected":false},"excerpt":{"rendered":"<p>About us and who we are we are a team of customer-focused professionals ABOUT SEER SUPPORT For Seer Support, we [&hellip;]<\/p>","protected":false},"author":1,"featured_media":0,"parent":0,"menu_order":0,"comment_status":"closed","ping_status":"closed","template":"","meta":{"site-sidebar-layout":"no-sidebar","site-content-layout":"","ast-site-content-layout":"full-width-container","site-content-style":"default","site-sidebar-style":"default","ast-global-header-display":"","ast-banner-title-visibility":"","ast-main-header-display":"","ast-hfb-above-header-display":"","ast-hfb-below-header-display":"","ast-hfb-mobile-header-display":"","site-post-title":"disabled","ast-breadcrumbs-content":"","ast-featured-img":"disabled","footer-sml-layout":"","ast-disable-related-posts":"","theme-transparent-header-meta":"enabled","adv-header-id-meta":"","stick-header-meta":"","header-above-stick-meta":"","header-main-stick-meta":"","header-below-stick-meta":"","astra-migrate-meta-layouts":"default","ast-page-background-enabled":"default","ast-page-background-meta":{"desktop":{"background-color":"var(--ast-global-color-4)","background-image":"","background-repeat":"repeat","background-position":"center center","background-size":"auto","background-attachment":"scroll","background-type":"","background-media":"","overlay-type":"","overlay-color":"","overlay-opacity":"","overlay-gradient":""},"tablet":{"background-color":"","background-image":"","background-repeat":"repeat","background-position":"center center","background-size":"auto","background-attachment":"scroll","background-type":"","background-media":"","overlay-type":"","overlay-color":"","overlay-opacity":"","overlay-gradient":""},"mobile":{"background-color":"","background-image":"","background-repeat":"repeat","background-position":"center center","background-size":"auto","background-attachment":"scroll","background-type":"","background-media":"","overlay-type":"","overlay-color":"","overlay-opacity":"","overlay-gradient":""}},"ast-content-background-meta":{"desktop":{"background-color":"var(--ast-global-color-5)","background-image":"","background-repeat":"repeat","background-position":"center center","background-size":"auto","background-attachment":"scroll","background-type":"","background-media":"","overlay-type":"","overlay-color":"","overlay-opacity":"","overlay-gradient":""},"tablet":{"background-color":"var(--ast-global-color-5)","background-image":"","background-repeat":"repeat","background-position":"center center","background-size":"auto","background-attachment":"scroll","background-type":"","background-media":"","overlay-type":"","overlay-color":"","overlay-opacity":"","overlay-gradient":""},"mobile":{"background-color":"var(--ast-global-color-5)","background-image":"","background-repeat":"repeat","background-position":"center center","background-size":"auto","background-attachment":"scroll","background-type":"","background-media":"","overlay-type":"","overlay-color":"","overlay-opacity":"","overlay-gradient":""}},"footnotes":""},"class_list":["post-8","page","type-page","status-publish","hentry"],"_links":{"self":[{"href":"https:\/\/seersupport.com\/fr\/wp-json\/wp\/v2\/pages\/8","targetHints":{"allow":["GET"]}}],"collection":[{"href":"https:\/\/seersupport.com\/fr\/wp-json\/wp\/v2\/pages"}],"about":[{"href":"https:\/\/seersupport.com\/fr\/wp-json\/wp\/v2\/types\/page"}],"author":[{"embeddable":true,"href":"https:\/\/seersupport.com\/fr\/wp-json\/wp\/v2\/users\/1"}],"replies":[{"embeddable":true,"href":"https:\/\/seersupport.com\/fr\/wp-json\/wp\/v2\/comments?post=8"}],"version-history":[{"count":79,"href":"https:\/\/seersupport.com\/fr\/wp-json\/wp\/v2\/pages\/8\/revisions"}],"predecessor-version":[{"id":1583,"href":"https:\/\/seersupport.com\/fr\/wp-json\/wp\/v2\/pages\/8\/revisions\/1583"}],"wp:attachment":[{"href":"https:\/\/seersupport.com\/fr\/wp-json\/wp\/v2\/media?parent=8"}],"curies":[{"name":"wp","href":"https:\/\/api.w.org\/{rel}","templated":true}]}}